{"id":797,"date":"2023-08-10T04:36:09","date_gmt":"2023-08-10T04:36:09","guid":{"rendered":"https:\/\/sl-limousines.fr\/?page_id=797"},"modified":"2024-05-29T04:02:29","modified_gmt":"2024-05-29T04:02:29","slug":"conditions-generales-d-utilisation","status":"publish","type":"page","link":"https:\/\/sl-limousines.fr\/?page_id=797","title":{"rendered":"Conditions g\u00e9n\u00e9rales d&rsquo;utilisation"},"content":{"rendered":"\t\t<div data-elementor-type=\"wp-page\" data-elementor-id=\"797\" class=\"elementor elementor-797\" data-elementor-post-type=\"page\">\n\t\t\t\t<div class=\"elementor-element elementor-element-14886cd e-flex e-con-boxed e-con e-parent\" data-id=\"14886cd\" data-element_type=\"container\" data-settings=\"{&quot;background_background&quot;:&quot;classic&quot;}\">\n\t\t\t\t\t<div class=\"e-con-inner\">\n\t\t\t\t\t<\/div>\n\t\t\t\t<\/div>\n\t\t<div class=\"elementor-element elementor-element-71d296d e-flex e-con-boxed e-con e-parent\" data-id=\"71d296d\" data-element_type=\"container\">\n\t\t\t\t\t<div class=\"e-con-inner\">\n\t\t<div class=\"elementor-element elementor-element-a45d7a2 e-con-full e-flex e-con e-child\" data-id=\"a45d7a2\" data-element_type=\"container\">\n\t\t\t\t<div class=\"elementor-element elementor-element-b407c14 elementor-widget elementor-widget-text-editor\" data-id=\"b407c14\" data-element_type=\"widget\" data-widget_type=\"text-editor.default\">\n\t\t\t\t<div class=\"elementor-widget-container\">\n\t\t\t\t\t\t\t\t\t\n<h3 class=\"wp-block-heading\"><strong>Objet<\/strong><\/h3>\n\t\t\t\t\t\t\t\t<\/div>\n\t\t\t\t<\/div>\n\t\t<div class=\"elementor-element elementor-element-77e3dac e-con-full e-flex e-con e-child\" data-id=\"77e3dac\" data-element_type=\"container\">\n\t\t\t\t<div class=\"elementor-element elementor-element-0f26fd9 elementor-widget elementor-widget-jet-listing-dynamic-field\" data-id=\"0f26fd9\" data-element_type=\"widget\" data-widget_type=\"jet-listing-dynamic-field.default\">\n\t\t\t\t<div class=\"elementor-widget-container\">\n\t\t\t\t\t<div class=\"jet-listing jet-listing-dynamic-field display-inline\"><div class=\"jet-listing-dynamic-field__inline-wrap\"><div class=\"jet-listing-dynamic-field__content\">Les pr\u00e9sentes Conditions G\u00e9n\u00e9rales d'Utilisation (ci-apr\u00e8s \"CGU\") ont pour objet de d\u00e9finir les modalit\u00e9s et conditions d'utilisation du site web Sl limousines.<\/div><\/div><\/div>\t\t\t\t<\/div>\n\t\t\t\t<\/div>\n\t\t\t\t<\/div>\n\t\t\t\t<\/div>\n\t\t<div class=\"elementor-element elementor-element-d0a0cd2 e-con-full e-flex e-con e-child\" data-id=\"d0a0cd2\" data-element_type=\"container\">\n\t\t\t\t<div class=\"elementor-element elementor-element-956af1c elementor-widget elementor-widget-text-editor\" data-id=\"956af1c\" data-element_type=\"widget\" data-widget_type=\"text-editor.default\">\n\t\t\t\t<div class=\"elementor-widget-container\">\n\t\t\t\t\t\t\t\t\t\n<h3 class=\"wp-block-heading\"><strong>Acceptation<\/strong><\/h3>\n\t\t\t\t\t\t\t\t<\/div>\n\t\t\t\t<\/div>\n\t\t<div class=\"elementor-element elementor-element-4040040 e-con-full e-flex e-con e-child\" data-id=\"4040040\" data-element_type=\"container\">\n\t\t\t\t<div class=\"elementor-element elementor-element-9209b68 elementor-widget elementor-widget-jet-listing-dynamic-field\" data-id=\"9209b68\" data-element_type=\"widget\" data-widget_type=\"jet-listing-dynamic-field.default\">\n\t\t\t\t<div class=\"elementor-widget-container\">\n\t\t\t\t\t<div class=\"jet-listing jet-listing-dynamic-field display-inline\"><div class=\"jet-listing-dynamic-field__inline-wrap\"><div class=\"jet-listing-dynamic-field__content\">L'acc\u00e8s et l'utilisation du site Sl limousines sont soumis \u00e0 l'acceptation et au respect des pr\u00e9sentes CGU. Tout utilisateur qui acc\u00e8de au site accepte, sans r\u00e9serve, les pr\u00e9sentes CGU.<\/div><\/div><\/div>\t\t\t\t<\/div>\n\t\t\t\t<\/div>\n\t\t\t\t<\/div>\n\t\t\t\t<\/div>\n\t\t<div class=\"elementor-element elementor-element-c6ffccf e-con-full e-flex e-con e-child\" data-id=\"c6ffccf\" data-element_type=\"container\">\n\t\t\t\t<div class=\"elementor-element elementor-element-e6846e1 elementor-widget elementor-widget-text-editor\" data-id=\"e6846e1\" data-element_type=\"widget\" data-widget_type=\"text-editor.default\">\n\t\t\t\t<div class=\"elementor-widget-container\">\n\t\t\t\t\t\t\t\t\t\n<h3 class=\"wp-block-heading\"><strong>Acc\u00e8s au site<\/strong><\/h3>\n\t\t\t\t\t\t\t\t<\/div>\n\t\t\t\t<\/div>\n\t\t<div class=\"elementor-element elementor-element-7758b6a e-con-full e-flex e-con e-child\" data-id=\"7758b6a\" data-element_type=\"container\">\n\t\t\t\t<div class=\"elementor-element elementor-element-703dbbc elementor-widget elementor-widget-jet-listing-dynamic-field\" data-id=\"703dbbc\" data-element_type=\"widget\" data-widget_type=\"jet-listing-dynamic-field.default\">\n\t\t\t\t<div class=\"elementor-widget-container\">\n\t\t\t\t\t<div class=\"jet-listing jet-listing-dynamic-field display-inline\"><div class=\"jet-listing-dynamic-field__inline-wrap\"><div class=\"jet-listing-dynamic-field__content\">Sl limousines se r\u00e9serve le droit de modifier, interrompre temporairement ou de mani\u00e8re permanente tout ou partie du site, sans pr\u00e9avis ni indemnit\u00e9. Aucune responsabilit\u00e9 de ce fait ne pourra \u00eatre accept\u00e9e.<\/div><\/div><\/div>\t\t\t\t<\/div>\n\t\t\t\t<\/div>\n\t\t\t\t<\/div>\n\t\t\t\t<\/div>\n\t\t<div class=\"elementor-element elementor-element-66c34a9 e-con-full e-flex e-con e-child\" data-id=\"66c34a9\" data-element_type=\"container\">\n\t\t\t\t<div class=\"elementor-element elementor-element-7f9fee8 elementor-widget elementor-widget-text-editor\" data-id=\"7f9fee8\" data-element_type=\"widget\" data-widget_type=\"text-editor.default\">\n\t\t\t\t<div class=\"elementor-widget-container\">\n\t\t\t\t\t\t\t\t\t\n<h3 class=\"wp-block-heading\"><strong>Propri\u00e9t\u00e9 intellectuelle<\/strong><\/h3>\n\t\t\t\t\t\t\t\t<\/div>\n\t\t\t\t<\/div>\n\t\t\t\t<div class=\"elementor-element elementor-element-66023c9 elementor-widget elementor-widget-text-editor\" data-id=\"66023c9\" data-element_type=\"widget\" data-widget_type=\"text-editor.default\">\n\t\t\t\t<div class=\"elementor-widget-container\">\n\t\t\t\t\t\t\t\t\tTout le contenu de ce site est prot\u00e9g\u00e9 par les lois relatives aux droits d&rsquo;auteur et \u00e0 la propri\u00e9t\u00e9 intellectuelle. Toute reproduction, modification, distribution ou utilisation non autoris\u00e9e du contenu est strictement interdite.\t\t\t\t\t\t\t\t<\/div>\n\t\t\t\t<\/div>\n\t\t\t\t<\/div>\n\t\t<div class=\"elementor-element elementor-element-952d15e e-con-full e-flex e-con e-child\" data-id=\"952d15e\" data-element_type=\"container\">\n\t\t\t\t<div class=\"elementor-element elementor-element-f9310d1 elementor-widget elementor-widget-text-editor\" data-id=\"f9310d1\" data-element_type=\"widget\" data-widget_type=\"text-editor.default\">\n\t\t\t\t<div class=\"elementor-widget-container\">\n\t\t\t\t\t\t\t\t\t\n<h3 class=\"wp-block-heading\"><strong>Responsabilit\u00e9<\/strong><\/h3>\n\t\t\t\t\t\t\t\t<\/div>\n\t\t\t\t<\/div>\n\t\t<div class=\"elementor-element elementor-element-fc50f92 e-con-full e-flex e-con e-child\" data-id=\"fc50f92\" data-element_type=\"container\">\n\t\t\t\t<div class=\"elementor-element elementor-element-ec509fd elementor-widget elementor-widget-jet-listing-dynamic-field\" data-id=\"ec509fd\" data-element_type=\"widget\" data-widget_type=\"jet-listing-dynamic-field.default\">\n\t\t\t\t<div class=\"elementor-widget-container\">\n\t\t\t\t\t<div class=\"jet-listing jet-listing-dynamic-field display-inline\"><div class=\"jet-listing-dynamic-field__inline-wrap\"><div class=\"jet-listing-dynamic-field__content\">Sl limousines ne pourra \u00eatre tenu responsable de tout dommage direct ou indirect r\u00e9sultant de l'utilisation de son site web ou d'autres sites qui lui sont li\u00e9s.<\/div><\/div><\/div>\t\t\t\t<\/div>\n\t\t\t\t<\/div>\n\t\t\t\t<\/div>\n\t\t\t\t<\/div>\n\t\t<div class=\"elementor-element elementor-element-6d9b59d e-con-full e-flex e-con e-child\" data-id=\"6d9b59d\" data-element_type=\"container\">\n\t\t\t\t<div class=\"elementor-element elementor-element-7d2e3e0 elementor-widget elementor-widget-text-editor\" data-id=\"7d2e3e0\" data-element_type=\"widget\" data-widget_type=\"text-editor.default\">\n\t\t\t\t<div class=\"elementor-widget-container\">\n\t\t\t\t\t\t\t\t\t\n<h3 class=\"wp-block-heading\"><strong>Utilisation du site<\/strong><\/h3>\n\t\t\t\t\t\t\t\t<\/div>\n\t\t\t\t<\/div>\n\t\t\t\t<div class=\"elementor-element elementor-element-fbb571c elementor-widget elementor-widget-text-editor\" data-id=\"fbb571c\" data-element_type=\"widget\" data-widget_type=\"text-editor.default\">\n\t\t\t\t<div class=\"elementor-widget-container\">\n\t\t\t\t\t\t\t\t\tL&rsquo;utilisateur s&rsquo;engage \u00e0 ne pas utiliser le site ou son contenu \u00e0 des fins illicites et \u00e0 ne commettre aucun acte pouvant endommager, surcharger, rendre inop\u00e9rant ou nuire au site ou aux services associ\u00e9s.\t\t\t\t\t\t\t\t<\/div>\n\t\t\t\t<\/div>\n\t\t\t\t<\/div>\n\t\t<div class=\"elementor-element elementor-element-06b7e02 e-con-full e-flex e-con e-child\" data-id=\"06b7e02\" data-element_type=\"container\">\n\t\t\t\t<div class=\"elementor-element elementor-element-785acd2 elementor-widget elementor-widget-text-editor\" data-id=\"785acd2\" data-element_type=\"widget\" data-widget_type=\"text-editor.default\">\n\t\t\t\t<div class=\"elementor-widget-container\">\n\t\t\t\t\t\t\t\t\t\n<h3 class=\"wp-block-heading\"><strong>Liens hypertextes<\/strong><\/h3>\n\t\t\t\t\t\t\t\t<\/div>\n\t\t\t\t<\/div>\n\t\t<div class=\"elementor-element elementor-element-6d5e815 e-con-full e-flex e-con e-child\" data-id=\"6d5e815\" data-element_type=\"container\">\n\t\t\t\t<div class=\"elementor-element elementor-element-b0eccc8 elementor-widget elementor-widget-jet-listing-dynamic-field\" data-id=\"b0eccc8\" data-element_type=\"widget\" data-widget_type=\"jet-listing-dynamic-field.default\">\n\t\t\t\t<div class=\"elementor-widget-container\">\n\t\t\t\t\t<div class=\"jet-listing jet-listing-dynamic-field display-inline\"><div class=\"jet-listing-dynamic-field__inline-wrap\"><div class=\"jet-listing-dynamic-field__content\">Sl limousines peut contenir des liens vers d'autres sites web qui ne sont pas sous notre contr\u00f4le, nous ne saurions \u00eatre tenus pour responsable du contenu de ces sites.<\/div><\/div><\/div>\t\t\t\t<\/div>\n\t\t\t\t<\/div>\n\t\t\t\t<\/div>\n\t\t\t\t<\/div>\n\t\t<div class=\"elementor-element elementor-element-7443c1e e-con-full e-flex e-con e-child\" data-id=\"7443c1e\" data-element_type=\"container\">\n\t\t\t\t<div class=\"elementor-element elementor-element-98d34bb elementor-widget elementor-widget-text-editor\" data-id=\"98d34bb\" data-element_type=\"widget\" data-widget_type=\"text-editor.default\">\n\t\t\t\t<div class=\"elementor-widget-container\">\n\t\t\t\t\t\t\t\t\t\n<h3 class=\"wp-block-heading\"><strong>Modification des CGU<\/strong><\/h3>\n\t\t\t\t\t\t\t\t<\/div>\n\t\t\t\t<\/div>\n\t\t<div class=\"elementor-element elementor-element-37877fb e-con-full e-flex e-con e-child\" data-id=\"37877fb\" data-element_type=\"container\">\n\t\t\t\t<div class=\"elementor-element elementor-element-8462fa5 elementor-widget elementor-widget-jet-listing-dynamic-field\" data-id=\"8462fa5\" data-element_type=\"widget\" data-widget_type=\"jet-listing-dynamic-field.default\">\n\t\t\t\t<div class=\"elementor-widget-container\">\n\t\t\t\t\t<div class=\"jet-listing jet-listing-dynamic-field display-inline\"><div class=\"jet-listing-dynamic-field__inline-wrap\"><div class=\"jet-listing-dynamic-field__content\">Sl limousines se r\u00e9serve le droit de modifier les pr\u00e9sentes CGU \u00e0 tout moment. Les utilisateurs seront inform\u00e9s de ces modifications d\u00e8s leur mise en ligne sur le site.<\/div><\/div><\/div>\t\t\t\t<\/div>\n\t\t\t\t<\/div>\n\t\t\t\t<\/div>\n\t\t\t\t<\/div>\n\t\t<div class=\"elementor-element elementor-element-97d052a e-con-full e-flex e-con e-child\" data-id=\"97d052a\" data-element_type=\"container\">\n\t\t\t\t<div class=\"elementor-element elementor-element-9b444a9 elementor-widget elementor-widget-text-editor\" data-id=\"9b444a9\" data-element_type=\"widget\" data-widget_type=\"text-editor.default\">\n\t\t\t\t<div class=\"elementor-widget-container\">\n\t\t\t\t\t\t\t\t\t\n<h3 class=\"wp-block-heading\"><strong>Juridiction et droit applicable<\/strong><\/h3>\n\t\t\t\t\t\t\t\t<\/div>\n\t\t\t\t<\/div>\n\t\t<div class=\"elementor-element elementor-element-49193a8 e-con-full e-flex e-con e-child\" data-id=\"49193a8\" data-element_type=\"container\">\n\t\t\t\t<div class=\"elementor-element elementor-element-546d370 elementor-widget elementor-widget-jet-listing-dynamic-field\" data-id=\"546d370\" data-element_type=\"widget\" data-widget_type=\"jet-listing-dynamic-field.default\">\n\t\t\t\t<div class=\"elementor-widget-container\">\n\t\t\t\t\t<div class=\"jet-listing jet-listing-dynamic-field display-inline\"><div class=\"jet-listing-dynamic-field__inline-wrap\"><div class=\"jet-listing-dynamic-field__content\">Les pr\u00e9sentes CGU sont r\u00e9gies par le droit fran\u00e7ais. Tout litige relatif \u00e0 l'interpr\u00e9tation, l'ex\u00e9cution ou la rupture du contrat conclu entre Sl limousines et l'utilisateur, m\u00eame en cas de pluralit\u00e9 de d\u00e9fendeurs, sera, \u00e0 d\u00e9faut d'accord amiable, de la comp\u00e9tence exclusive des tribunaux fran\u00e7ais.<\/div><\/div><\/div>\t\t\t\t<\/div>\n\t\t\t\t<\/div>\n\t\t\t\t<\/div>\n\t\t\t\t<\/div>\n\t\t\t\t\t<\/div>\n\t\t\t\t<\/div>\n\t\t\t\t<\/div>\n\t\t","protected":false},"excerpt":{"rendered":"<p>Objet Les pr\u00e9sentes Conditions G\u00e9n\u00e9rales d&rsquo;Utilisation (ci-apr\u00e8s \u00ab\u00a0CGU\u00a0\u00bb) ont pour objet de d\u00e9finir les modalit\u00e9s et conditions d&rsquo;utilisation du site web Yoobi. Acceptation L&rsquo;acc\u00e8s et l&rsquo;utilisation du site Yoobi sont soumis \u00e0 l&rsquo;acceptation et au respect des pr\u00e9sentes CGU. Tout utilisateur qui acc\u00e8de au site accepte, sans r\u00e9serve, les pr\u00e9sentes CGU. Acc\u00e8s au site Yoobi [&hellip;]<\/p>\n","protected":false},"author":1,"featured_media":0,"parent":0,"menu_order":0,"comment_status":"closed","ping_status":"closed","template":"elementor_header_footer","meta":{"footnotes":""},"class_list":["post-797","page","type-page","status-publish","hentry"],"_links":{"self":[{"href":"https:\/\/sl-limousines.fr\/index.php?rest_route=\/wp\/v2\/pages\/797","targetHints":{"allow":["GET"]}}],"collection":[{"href":"https:\/\/sl-limousines.fr\/index.php?rest_route=\/wp\/v2\/pages"}],"about":[{"href":"https:\/\/sl-limousines.fr\/index.php?rest_route=\/wp\/v2\/types\/page"}],"author":[{"embeddable":true,"href":"https:\/\/sl-limousines.fr\/index.php?rest_route=\/wp\/v2\/users\/1"}],"replies":[{"embeddable":true,"href":"https:\/\/sl-limousines.fr\/index.php?rest_route=%2Fwp%2Fv2%2Fcomments&post=797"}],"version-history":[{"count":0,"href":"https:\/\/sl-limousines.fr\/index.php?rest_route=\/wp\/v2\/pages\/797\/revisions"}],"wp:attachment":[{"href":"https:\/\/sl-limousines.fr\/index.php?rest_route=%2Fwp%2Fv2%2Fmedia&parent=797"}],"curies":[{"name":"wp","href":"https:\/\/api.w.org\/{rel}","templated":true}]}}