{"id":792,"date":"2023-08-10T04:32:14","date_gmt":"2023-08-10T04:32:14","guid":{"rendered":"https:\/\/sl-limousines.fr\/?page_id=792"},"modified":"2024-05-29T04:02:49","modified_gmt":"2024-05-29T04:02:49","slug":"mentions-legales","status":"publish","type":"page","link":"https:\/\/sl-limousines.fr\/?page_id=792","title":{"rendered":"Mentions l\u00e9gales"},"content":{"rendered":"\t\t<div data-elementor-type=\"wp-page\" data-elementor-id=\"792\" class=\"elementor elementor-792\" data-elementor-post-type=\"page\">\n\t\t\t\t<div class=\"elementor-element elementor-element-14886cd e-flex e-con-boxed e-con e-parent\" data-id=\"14886cd\" data-element_type=\"container\" data-settings=\"{&quot;background_background&quot;:&quot;classic&quot;}\">\n\t\t\t\t\t<div class=\"e-con-inner\">\n\t\t\t\t\t<\/div>\n\t\t\t\t<\/div>\n\t\t<div class=\"elementor-element elementor-element-71d296d e-flex e-con-boxed e-con e-parent\" data-id=\"71d296d\" data-element_type=\"container\">\n\t\t\t\t\t<div class=\"e-con-inner\">\n\t\t<div class=\"elementor-element elementor-element-ae733cc e-con-full e-flex e-con e-child\" data-id=\"ae733cc\" data-element_type=\"container\">\n\t\t<div class=\"elementor-element elementor-element-45bbfff e-con-full e-flex e-con e-child\" data-id=\"45bbfff\" data-element_type=\"container\">\n\t\t\t\t<div class=\"elementor-element elementor-element-5f91371 elementor-widget elementor-widget-text-editor\" data-id=\"5f91371\" data-element_type=\"widget\" data-widget_type=\"text-editor.default\">\n\t\t\t\t<div class=\"elementor-widget-container\">\n\t\t\t\t\t\t\t\t\t\n<h3 class=\"wp-block-heading\"><strong>Informations sur la soci\u00e9t\u00e9<\/strong><\/h3>\n\t\t\t\t\t\t\t\t<\/div>\n\t\t\t\t<\/div>\n\t\t<div class=\"elementor-element elementor-element-0c6a8e5 e-con-full e-flex e-con e-child\" data-id=\"0c6a8e5\" data-element_type=\"container\">\n\t\t\t\t<div class=\"elementor-element elementor-element-31f02c0 elementor-widget elementor-widget-jet-listing-dynamic-field\" data-id=\"31f02c0\" data-element_type=\"widget\" data-widget_type=\"jet-listing-dynamic-field.default\">\n\t\t\t\t<div class=\"elementor-widget-container\">\n\t\t\t\t\t<div class=\"jet-listing jet-listing-dynamic-field display-inline\"><div class=\"jet-listing-dynamic-field__inline-wrap\"><div class=\"jet-listing-dynamic-field__content\">Sl limousines<\/div><\/div><\/div>\t\t\t\t<\/div>\n\t\t\t\t<\/div>\n\t\t\t\t<\/div>\n\t\t<div class=\"elementor-element elementor-element-086168d e-con-full e-flex e-con e-child\" data-id=\"086168d\" data-element_type=\"container\">\n\t\t\t\t<div class=\"elementor-element elementor-element-c868552 elementor-widget elementor-widget-jet-listing-dynamic-field\" data-id=\"c868552\" data-element_type=\"widget\" data-widget_type=\"jet-listing-dynamic-field.default\">\n\t\t\t\t<div class=\"elementor-widget-container\">\n\t\t\t\t\t<div class=\"jet-listing jet-listing-dynamic-field display-inline\"><div class=\"jet-listing-dynamic-field__inline-wrap\"><div class=\"jet-listing-dynamic-field__content\">Adresse : 6 rue du docteur calmette 06110 le cannet<\/div><\/div><\/div>\t\t\t\t<\/div>\n\t\t\t\t<\/div>\n\t\t\t\t<\/div>\n\t\t<div class=\"elementor-element elementor-element-19cf87d e-con-full e-flex e-con e-child\" data-id=\"19cf87d\" data-element_type=\"container\">\n\t\t\t\t<div class=\"elementor-element elementor-element-153b2c6 elementor-widget elementor-widget-jet-listing-dynamic-field\" data-id=\"153b2c6\" data-element_type=\"widget\" data-widget_type=\"jet-listing-dynamic-field.default\">\n\t\t\t\t<div class=\"elementor-widget-container\">\n\t\t\t\t\t<div class=\"jet-listing jet-listing-dynamic-field display-inline\"><div class=\"jet-listing-dynamic-field__inline-wrap\"><div class=\"jet-listing-dynamic-field__content\">Num\u00e9ro de t\u00e9l\u00e9phone : 06 61 29 92 20<\/div><\/div><\/div>\t\t\t\t<\/div>\n\t\t\t\t<\/div>\n\t\t\t\t<\/div>\n\t\t<div class=\"elementor-element elementor-element-9007d7a e-con-full e-flex e-con e-child\" data-id=\"9007d7a\" data-element_type=\"container\">\n\t\t\t\t<div class=\"elementor-element elementor-element-44fdd30 elementor-widget elementor-widget-jet-listing-dynamic-field\" data-id=\"44fdd30\" data-element_type=\"widget\" data-widget_type=\"jet-listing-dynamic-field.default\">\n\t\t\t\t<div class=\"elementor-widget-container\">\n\t\t\t\t\t<div class=\"jet-listing jet-listing-dynamic-field display-inline\"><div class=\"jet-listing-dynamic-field__inline-wrap\"><div class=\"jet-listing-dynamic-field__content\">Adresse email : sl.cannes@gmail.com<\/div><\/div><\/div>\t\t\t\t<\/div>\n\t\t\t\t<\/div>\n\t\t\t\t<\/div>\n\t\t<div class=\"elementor-element elementor-element-23a2cbe e-con-full e-flex e-con e-child\" data-id=\"23a2cbe\" data-element_type=\"container\">\n\t\t\t\t<div class=\"elementor-element elementor-element-47b4a7e elementor-widget elementor-widget-jet-listing-dynamic-field\" data-id=\"47b4a7e\" data-element_type=\"widget\" data-widget_type=\"jet-listing-dynamic-field.default\">\n\t\t\t\t<div class=\"elementor-widget-container\">\n\t\t\t\t\t<div class=\"jet-listing jet-listing-dynamic-field display-inline\"><div class=\"jet-listing-dynamic-field__inline-wrap\"><div class=\"jet-listing-dynamic-field__content\">N\u00b0 de SIRET : <\/div><\/div><\/div>\t\t\t\t<\/div>\n\t\t\t\t<\/div>\n\t\t\t\t<\/div>\n\t\t\t\t<\/div>\n\t\t<div class=\"elementor-element elementor-element-5f9a9bd e-con-full e-flex e-con e-child\" data-id=\"5f9a9bd\" data-element_type=\"container\">\n\t\t\t\t<div class=\"elementor-element elementor-element-877bf9a elementor-widget elementor-widget-text-editor\" data-id=\"877bf9a\" data-element_type=\"widget\" data-widget_type=\"text-editor.default\">\n\t\t\t\t<div class=\"elementor-widget-container\">\n\t\t\t\t\t\t\t\t\t\n<h3 class=\"wp-block-heading\"><strong>Responsable de la publication<\/strong><\/h3>\n\t\t\t\t\t\t\t\t<\/div>\n\t\t\t\t<\/div>\n\t\t<div class=\"elementor-element elementor-element-89ae0ca e-con-full e-flex e-con e-child\" data-id=\"89ae0ca\" data-element_type=\"container\">\n\t\t\t\t<div class=\"elementor-element elementor-element-f3bb2ff elementor-widget elementor-widget-jet-listing-dynamic-field\" data-id=\"f3bb2ff\" data-element_type=\"widget\" data-widget_type=\"jet-listing-dynamic-field.default\">\n\t\t\t\t<div class=\"elementor-widget-container\">\n\t\t\t\t\t<div class=\"jet-listing jet-listing-dynamic-field display-inline\"><div class=\"jet-listing-dynamic-field__inline-wrap\"><div class=\"jet-listing-dynamic-field__content\">Sl limousines<\/div><\/div><\/div>\t\t\t\t<\/div>\n\t\t\t\t<\/div>\n\t\t\t\t<\/div>\n\t\t<div class=\"elementor-element elementor-element-ee78bf2 e-con-full e-flex e-con e-child\" data-id=\"ee78bf2\" data-element_type=\"container\">\n\t\t\t\t<div class=\"elementor-element elementor-element-9959770 elementor-widget elementor-widget-jet-listing-dynamic-field\" data-id=\"9959770\" data-element_type=\"widget\" data-widget_type=\"jet-listing-dynamic-field.default\">\n\t\t\t\t<div class=\"elementor-widget-container\">\n\t\t\t\t\t<div class=\"jet-listing jet-listing-dynamic-field display-inline\"><div class=\"jet-listing-dynamic-field__inline-wrap\"><div class=\"jet-listing-dynamic-field__content\">Adresse : 6 rue du docteur calmette 06110 le cannet<\/div><\/div><\/div>\t\t\t\t<\/div>\n\t\t\t\t<\/div>\n\t\t\t\t<\/div>\n\t\t<div class=\"elementor-element elementor-element-07ff70e e-con-full e-flex e-con e-child\" data-id=\"07ff70e\" data-element_type=\"container\">\n\t\t\t\t<div class=\"elementor-element elementor-element-bc31a24 elementor-widget elementor-widget-jet-listing-dynamic-field\" data-id=\"bc31a24\" data-element_type=\"widget\" data-widget_type=\"jet-listing-dynamic-field.default\">\n\t\t\t\t<div class=\"elementor-widget-container\">\n\t\t\t\t\t<div class=\"jet-listing jet-listing-dynamic-field display-inline\"><div class=\"jet-listing-dynamic-field__inline-wrap\"><div class=\"jet-listing-dynamic-field__content\">Num\u00e9ro de t\u00e9l\u00e9phone : 06 61 29 92 20<\/div><\/div><\/div>\t\t\t\t<\/div>\n\t\t\t\t<\/div>\n\t\t\t\t<\/div>\n\t\t<div class=\"elementor-element elementor-element-7611099 e-con-full e-flex e-con e-child\" data-id=\"7611099\" data-element_type=\"container\">\n\t\t\t\t<div class=\"elementor-element elementor-element-5051f73 elementor-widget elementor-widget-jet-listing-dynamic-field\" data-id=\"5051f73\" data-element_type=\"widget\" data-widget_type=\"jet-listing-dynamic-field.default\">\n\t\t\t\t<div class=\"elementor-widget-container\">\n\t\t\t\t\t<div class=\"jet-listing jet-listing-dynamic-field display-inline\"><div class=\"jet-listing-dynamic-field__inline-wrap\"><div class=\"jet-listing-dynamic-field__content\">Adresse email : sl.cannes@gmail.com<\/div><\/div><\/div>\t\t\t\t<\/div>\n\t\t\t\t<\/div>\n\t\t\t\t<\/div>\n\t\t<div class=\"elementor-element elementor-element-77130aa e-con-full e-flex e-con e-child\" data-id=\"77130aa\" data-element_type=\"container\">\n\t\t\t\t<div class=\"elementor-element elementor-element-a9da1b1 elementor-widget elementor-widget-jet-listing-dynamic-field\" data-id=\"a9da1b1\" data-element_type=\"widget\" data-widget_type=\"jet-listing-dynamic-field.default\">\n\t\t\t\t<div class=\"elementor-widget-container\">\n\t\t\t\t\t<div class=\"jet-listing jet-listing-dynamic-field display-inline\"><div class=\"jet-listing-dynamic-field__inline-wrap\"><div class=\"jet-listing-dynamic-field__content\">N\u00b0 de SIRET : <\/div><\/div><\/div>\t\t\t\t<\/div>\n\t\t\t\t<\/div>\n\t\t\t\t<\/div>\n\t\t\t\t<\/div>\n\t\t<div class=\"elementor-element elementor-element-6ec4e83 e-con-full e-flex e-con e-child\" data-id=\"6ec4e83\" data-element_type=\"container\">\n\t\t\t\t<div class=\"elementor-element elementor-element-d647ea0 elementor-widget elementor-widget-text-editor\" data-id=\"d647ea0\" data-element_type=\"widget\" data-widget_type=\"text-editor.default\">\n\t\t\t\t<div class=\"elementor-widget-container\">\n\t\t\t\t\t\t\t\t\t\n<h3 class=\"wp-block-heading\"><strong>H\u00e9bergement<\/strong><\/h3>\n\t\t\t\t\t\t\t\t<\/div>\n\t\t\t\t<\/div>\n\t\t<div class=\"elementor-element elementor-element-d86112c e-con-full e-flex e-con e-child\" data-id=\"d86112c\" data-element_type=\"container\">\n\t\t\t\t<div class=\"elementor-element elementor-element-c863918 elementor-widget elementor-widget-jet-listing-dynamic-field\" data-id=\"c863918\" data-element_type=\"widget\" data-widget_type=\"jet-listing-dynamic-field.default\">\n\t\t\t\t<div class=\"elementor-widget-container\">\n\t\t\t\t\t<div class=\"jet-listing jet-listing-dynamic-field display-inline\"><div class=\"jet-listing-dynamic-field__inline-wrap\"><div class=\"jet-listing-dynamic-field__content\">Le site Sl limousines est h\u00e9berg\u00e9 par OVH SAS<\/div><\/div><\/div>\t\t\t\t<\/div>\n\t\t\t\t<\/div>\n\t\t\t\t<\/div>\n\t\t<div class=\"elementor-element elementor-element-078c442 e-con-full e-flex e-con e-child\" data-id=\"078c442\" data-element_type=\"container\">\n\t\t\t\t<div class=\"elementor-element elementor-element-8829c44 elementor-widget elementor-widget-text-editor\" data-id=\"8829c44\" data-element_type=\"widget\" data-widget_type=\"text-editor.default\">\n\t\t\t\t<div class=\"elementor-widget-container\">\n\t\t\t\t\t\t\t\t\tAdresse : 2, rue Kellermann, 59100 Roubaix\t\t\t\t\t\t\t\t<\/div>\n\t\t\t\t<\/div>\n\t\t\t\t<\/div>\n\t\t<div class=\"elementor-element elementor-element-81f22dc e-con-full e-flex e-con e-child\" data-id=\"81f22dc\" data-element_type=\"container\">\n\t\t\t\t<div class=\"elementor-element elementor-element-f77f953 elementor-widget elementor-widget-text-editor\" data-id=\"f77f953\" data-element_type=\"widget\" data-widget_type=\"text-editor.default\">\n\t\t\t\t<div class=\"elementor-widget-container\">\n\t\t\t\t\t\t\t\t\tNum\u00e9ro de t\u00e9l\u00e9phone : 1007\t\t\t\t\t\t\t\t<\/div>\n\t\t\t\t<\/div>\n\t\t\t\t<\/div>\n\t\t\t\t<\/div>\n\t\t<div class=\"elementor-element elementor-element-5981dca e-con-full e-flex e-con e-child\" data-id=\"5981dca\" data-element_type=\"container\">\n\t\t\t\t<div class=\"elementor-element elementor-element-5ad6318 elementor-widget elementor-widget-text-editor\" data-id=\"5ad6318\" data-element_type=\"widget\" data-widget_type=\"text-editor.default\">\n\t\t\t\t<div class=\"elementor-widget-container\">\n\t\t\t\t\t\t\t\t\t\n<h3 class=\"wp-block-heading\"><strong>Droits d&rsquo;auteur et cr\u00e9dits<\/strong><\/h3>\n\t\t\t\t\t\t\t\t<\/div>\n\t\t\t\t<\/div>\n\t\t<div class=\"elementor-element elementor-element-04dab80 e-con-full e-flex e-con e-child\" data-id=\"04dab80\" data-element_type=\"container\">\n\t\t\t\t<div class=\"elementor-element elementor-element-21530af elementor-widget elementor-widget-jet-listing-dynamic-field\" data-id=\"21530af\" data-element_type=\"widget\" data-widget_type=\"jet-listing-dynamic-field.default\">\n\t\t\t\t<div class=\"elementor-widget-container\">\n\t\t\t\t\t<div class=\"jet-listing jet-listing-dynamic-field display-inline\"><div class=\"jet-listing-dynamic-field__inline-wrap\"><div class=\"jet-listing-dynamic-field__content\">Tout le contenu de ce site, incluant, de fa\u00e7on non limitative, les graphiques, images, textes, vid\u00e9os, animations, sons, logos, gifs et ic\u00f4nes ainsi que leur mise en forme sont la propri\u00e9t\u00e9 exclusive de Sl limousines \u00e0 l'exception des marques, logos ou contenus appartenant \u00e0 d'autres soci\u00e9t\u00e9s partenaires ou auteurs.<\/div><\/div><\/div>\t\t\t\t<\/div>\n\t\t\t\t<\/div>\n\t\t\t\t<\/div>\n\t\t\t\t<\/div>\n\t\t<div class=\"elementor-element elementor-element-24d99ea e-con-full e-flex e-con e-child\" data-id=\"24d99ea\" data-element_type=\"container\">\n\t\t\t\t<div class=\"elementor-element elementor-element-6f101c9 elementor-widget elementor-widget-text-editor\" data-id=\"6f101c9\" data-element_type=\"widget\" data-widget_type=\"text-editor.default\">\n\t\t\t\t<div class=\"elementor-widget-container\">\n\t\t\t\t\t\t\t\t\t\n<h3 class=\"wp-block-heading\"><strong>Limitations de responsabilit\u00e9<\/strong><\/h3>\n\t\t\t\t\t\t\t\t<\/div>\n\t\t\t\t<\/div>\n\t\t<div class=\"elementor-element elementor-element-792bba6 e-con-full e-flex e-con e-child\" data-id=\"792bba6\" data-element_type=\"container\">\n\t\t\t\t<div class=\"elementor-element elementor-element-fee07bd elementor-widget elementor-widget-jet-listing-dynamic-field\" data-id=\"fee07bd\" data-element_type=\"widget\" data-widget_type=\"jet-listing-dynamic-field.default\">\n\t\t\t\t<div class=\"elementor-widget-container\">\n\t\t\t\t\t<div class=\"jet-listing jet-listing-dynamic-field display-inline\"><div class=\"jet-listing-dynamic-field__inline-wrap\"><div class=\"jet-listing-dynamic-field__content\">Sl limousines ne peut \u00eatre tenu responsable de dommages directs ou indirects caus\u00e9s au mat\u00e9riel de l'utilisateur, lors de l'acc\u00e8s au site et r\u00e9sultant soit de l'utilisation d'un mat\u00e9riel ne r\u00e9pondant pas aux sp\u00e9cifications indiqu\u00e9es, soit de l'apparition d'un bug ou d'une incompatibilit\u00e9.<\/div><\/div><\/div>\t\t\t\t<\/div>\n\t\t\t\t<\/div>\n\t\t\t\t<\/div>\n\t\t\t\t<\/div>\n\t\t<div class=\"elementor-element elementor-element-caa0a3c e-con-full e-flex e-con e-child\" data-id=\"caa0a3c\" data-element_type=\"container\">\n\t\t\t\t<div class=\"elementor-element elementor-element-99801a0 elementor-widget elementor-widget-text-editor\" data-id=\"99801a0\" data-element_type=\"widget\" data-widget_type=\"text-editor.default\">\n\t\t\t\t<div class=\"elementor-widget-container\">\n\t\t\t\t\t\t\t\t\t\n<h3 class=\"wp-block-heading\"><strong>Liens hypertextes et cookies<\/strong><\/h3>\n\t\t\t\t\t\t\t\t<\/div>\n\t\t\t\t<\/div>\n\t\t<div class=\"elementor-element elementor-element-76daaa4 e-con-full e-flex e-con e-child\" data-id=\"76daaa4\" data-element_type=\"container\">\n\t\t\t\t<div class=\"elementor-element elementor-element-c79d1c5 elementor-widget elementor-widget-jet-listing-dynamic-field\" data-id=\"c79d1c5\" data-element_type=\"widget\" data-widget_type=\"jet-listing-dynamic-field.default\">\n\t\t\t\t<div class=\"elementor-widget-container\">\n\t\t\t\t\t<div class=\"jet-listing jet-listing-dynamic-field display-inline\"><div class=\"jet-listing-dynamic-field__inline-wrap\"><div class=\"jet-listing-dynamic-field__content\">Le site Sl limousines contient un certain nombre de liens hypertextes vers d'autres sites (partenaires, informations ...). Cependant, n'ayant pas la possibilit\u00e9 de v\u00e9rifier le contenu des sites ainsi visit\u00e9s et d\u00e9cline donc toute responsabilit\u00e9 de ce fait quant aux risques \u00e9ventuels de contenus illicites.<\/div><\/div><\/div>\t\t\t\t<\/div>\n\t\t\t\t<\/div>\n\t\t\t\t<\/div>\n\t\t\t\t<\/div>\n\t\t\t\t<div class=\"elementor-element elementor-element-6ae85f6 elementor-widget elementor-widget-text-editor\" data-id=\"6ae85f6\" data-element_type=\"widget\" data-widget_type=\"text-editor.default\">\n\t\t\t\t<div class=\"elementor-widget-container\">\n\t\t\t\t\t\t\t\t\t\n<h3 class=\"wp-block-heading\"><strong>Droit applicable et juridiction<\/strong><\/h3>\n<p>Les pr\u00e9sentes mentions l\u00e9gales sont soumises au droit fran\u00e7ais. Tout litige relatif \u00e0 l&rsquo;interpr\u00e9tation ou \u00e0 l&rsquo;ex\u00e9cution d&rsquo;un engagement contractuel pr\u00e9vu sur le site sera de la comp\u00e9tence exclusive des tribunaux fran\u00e7ais.<\/p>\n\t\t\t\t\t\t\t\t<\/div>\n\t\t\t\t<\/div>\n\t\t\t\t<\/div>\n\t\t\t\t\t<\/div>\n\t\t\t\t<\/div>\n\t\t\t\t<\/div>\n\t\t","protected":false},"excerpt":{"rendered":"<p>Informations sur la soci\u00e9t\u00e9 Yoobi Adresse : 13 Rue saint ursule, Toulouse Num\u00e9ro de t\u00e9l\u00e9phone : 06 60 06 60 06 Adresse email : contact@gmail.com N\u00b0 de SIRET : Responsable de la publication Yoobi Adresse : 13 Rue saint ursule, Toulouse Num\u00e9ro de t\u00e9l\u00e9phone : 06 60 06 60 06 Adresse email : contact@gmail.com N\u00b0 [&hellip;]<\/p>\n","protected":false},"author":1,"featured_media":0,"parent":0,"menu_order":0,"comment_status":"closed","ping_status":"closed","template":"elementor_header_footer","meta":{"footnotes":""},"class_list":["post-792","page","type-page","status-publish","hentry"],"_links":{"self":[{"href":"https:\/\/sl-limousines.fr\/index.php?rest_route=\/wp\/v2\/pages\/792","targetHints":{"allow":["GET"]}}],"collection":[{"href":"https:\/\/sl-limousines.fr\/index.php?rest_route=\/wp\/v2\/pages"}],"about":[{"href":"https:\/\/sl-limousines.fr\/index.php?rest_route=\/wp\/v2\/types\/page"}],"author":[{"embeddable":true,"href":"https:\/\/sl-limousines.fr\/index.php?rest_route=\/wp\/v2\/users\/1"}],"replies":[{"embeddable":true,"href":"https:\/\/sl-limousines.fr\/index.php?rest_route=%2Fwp%2Fv2%2Fcomments&post=792"}],"version-history":[{"count":0,"href":"https:\/\/sl-limousines.fr\/index.php?rest_route=\/wp\/v2\/pages\/792\/revisions"}],"wp:attachment":[{"href":"https:\/\/sl-limousines.fr\/index.php?rest_route=%2Fwp%2Fv2%2Fmedia&parent=792"}],"curies":[{"name":"wp","href":"https:\/\/api.w.org\/{rel}","templated":true}]}}